{"id":781,"date":"2016-03-22T21:07:10","date_gmt":"2016-03-22T20:07:10","guid":{"rendered":"http:\/\/esperanto-pfaffenhofen.de\/?page_id=781"},"modified":"2016-03-22T21:07:10","modified_gmt":"2016-03-22T20:07:10","slug":"roland","status":"publish","type":"page","link":"https:\/\/espera01.bn-paf.de\/?page_id=781","title":{"rendered":"Roland"},"content":{"rendered":"<p><strong>&#8222;W\u00e4hrend meiner Schulzeit begann ich mich sehr f\u00fcr Sprachen zu interessieren. Als ich in der Stadtb\u00fccherei das Regal f\u00fcr Fremdsprachen durchst\u00f6berte, stie\u00df ich pl\u00f6tzlich auf ein schmales Buch mit dem Titel &#8222;Esperanto&#8220;. Das sagte mir zun\u00e4chst \u00fcberhaupt nichts. Beim Hineinbl\u00e4ttern erfuhr ich nach und nach, dass es sich um eine erfundene Sprache handelt und dass man sich mit der Grammatik seine W\u00f6rter selbst zusammenbasteln kann, so dass auch alles ausdr\u00fcckbar wurde, wof\u00fcr in der eigenen Sprache ein Begriff fehlte. Das ist Esperanto f\u00fcr mich seitdem auch geblieben: eine gro\u00dfe Spielwiese f\u00fcr Sprache zum Selberbasteln &#8211; und damit ohne Grenzen!&#8220;<\/strong><\/p>\n","protected":false},"excerpt":{"rendered":"<p>&#8222;W\u00e4hrend meiner Schulzeit begann ich mich sehr f\u00fcr Sprachen zu interessieren. Als ich in der Stadtb\u00fccherei das Regal f\u00fcr Fremdsprachen durchst\u00f6berte, stie\u00df ich pl\u00f6tzlich auf ein schmales Buch mit dem Titel &#8222;Esperanto&#8220;. Das sagte mir zun\u00e4chst \u00fcberhaupt nichts. Beim Hineinbl\u00e4ttern &hellip; <a href=\"https:\/\/espera01.bn-paf.de\/?page_id=781\">Weiterlesen <span class=\"meta-nav\">&rarr;<\/span><\/a><\/p>\n","protected":false},"author":1,"featured_media":0,"parent":0,"menu_order":0,"comment_status":"closed","ping_status":"closed","template":"","meta":[],"_links":{"self":[{"href":"https:\/\/espera01.bn-paf.de\/index.php?rest_route=\/wp\/v2\/pages\/781"}],"collection":[{"href":"https:\/\/espera01.bn-paf.de\/index.php?rest_route=\/wp\/v2\/pages"}],"about":[{"href":"https:\/\/espera01.bn-paf.de\/index.php?rest_route=\/wp\/v2\/types\/page"}],"author":[{"embeddable":true,"href":"https:\/\/espera01.bn-paf.de\/index.php?rest_route=\/wp\/v2\/users\/1"}],"replies":[{"embeddable":true,"href":"https:\/\/espera01.bn-paf.de\/index.php?rest_route=%2Fwp%2Fv2%2Fcomments&post=781"}],"version-history":[{"count":1,"href":"https:\/\/espera01.bn-paf.de\/index.php?rest_route=\/wp\/v2\/pages\/781\/revisions"}],"predecessor-version":[{"id":783,"href":"https:\/\/espera01.bn-paf.de\/index.php?rest_route=\/wp\/v2\/pages\/781\/revisions\/783"}],"wp:attachment":[{"href":"https:\/\/espera01.bn-paf.de\/index.php?rest_route=%2Fwp%2Fv2%2Fmedia&parent=781"}],"curies":[{"name":"wp","href":"https:\/\/api.w.org\/{rel}","templated":true}]}}