{"id":71,"date":"2015-05-28T22:40:11","date_gmt":"2015-05-28T20:40:11","guid":{"rendered":"http:\/\/neumai02.bn-paf.de\/esperanto\/?page_id=71"},"modified":"2019-04-15T18:42:54","modified_gmt":"2019-04-15T16:42:54","slug":"termine","status":"publish","type":"page","link":"https:\/\/espera01.bn-paf.de\/?page_id=71","title":{"rendered":"2018 Termine und Aktuelles"},"content":{"rendered":"<h4><span style=\"color: #333300;\">F\u00fcr den 8. Dezember hatte unser Klub zur bayrischen Zamenhof-Feier eingeladen. Den Zeitungsbericht dar\u00fcber finden Sie hier:<\/span><\/h4>\n<h4><span style=\"color: #008000;\">Por la 8-an de decembro nia klubo invitis al la bavara Zamenhof-festo. <\/span><span style=\"color: #008000;\">La gazeto-artikolon vi trovos \u0109i tie:<\/span><\/h4>\n<p><strong><span style=\"color: #000000;\"><a href=\"https:\/\/espera01.bn-paf.de\/wp-content\/uploads\/2018\/11\/1200px-Esperanto_star.svg_.png\"><img loading=\"lazy\" class=\"wp-image-971 alignright\" src=\"https:\/\/espera01.bn-paf.de\/wp-content\/uploads\/2018\/11\/1200px-Esperanto_star.svg_-150x150.png\" alt=\"\" width=\"114\" height=\"114\"><\/a><\/span><\/strong><strong><span style=\"color: #000000;\"><a href=\"https:\/\/www.donaukurier.de\/lokales\/pfaffenhofen\/Frankenstein-auf-Esperanto;art600,4013444\">Zeitungsbericht von der Zamenhof-Feier am 8.Dezember 2018 in Pfaffenhofen<\/a>&nbsp; <\/span><\/strong><\/p>\n<p>Der Beitrag von Josef Lechermeier <a href=\"https:\/\/www.donaukurier.de\/lokales\/ingolstadt\/Ingolstadt-200-Jahre-Frankenstein-Tief-im-geheimnisvollen-Bayern;art599,3708094\">\u00fcber den Roman Frankenstein<\/a>, die Lesung wichtiger Textstellen durch Roland Hemmauer, die Ausf\u00fchrungen von Dr. Macko \u00fcber E-D-E und die Reiseberichte von Alfred Schubert und Gustav Neumair fanden gro\u00dfen Anklang. <span style=\"color: #008000;\"><em><a href=\"https:\/\/espera01.bn-paf.de\/?page_id=1009\">La kontribuo de Josef Lechermeier<\/a> pri la romano &#8222;Franken\u015dtajno&#8220;, la prelego de <a href=\"http:\/\/www012.upp.so-net.ne.jp\/klivo\/frankenstein\/\">signifaj teksteroj<\/a> fare de Roland Hemmauer, la deklaroj pri E-D-E fare de Dr. Macko kaj la voja\u011d-raportoj fare de Alfred Schubert kaj Gustav Neumair ege \u011dojigis.<\/em><\/span><\/p>\n<hr>\n<h4><strong><a href=\"https:\/\/espera01.bn-paf.de\/wp-content\/uploads\/2018\/11\/Esperantokurs-Plakat1.pdf\">Mit Plakaten, Inseraten und Handzetteln luden wir zu einem Esperanto-Wochenendkurs vom 7.-9.12.2018 ein&nbsp;<\/a> <\/strong><\/h4>\n<h4><span style=\"color: #008000;\">Per afi\u015doj, anoncoj kaj flug-folioj ni invitis al semajnfina Esperantokurso de la 7-a \u011dis la 9-a de decembro.<\/span><\/h4>\n<p>Der Kurs konnte aber leider nicht stattfinden, wir vertr\u00f6sten die Interessenten auf ein neues Angebot im Fr\u00fchjahr 2019.<em> <span style=\"color: #008000;\">La kurso beda\u016drinde ne povis okazi, ni informos la interesitojn pri nova oferto en printempo.<\/span><\/em><\/p>\n<hr>\n<h4><strong><span style=\"color: #008000;\"><span style=\"color: #333300;\">Eindr\u00fccke vom Esperantolehrer -Kongress in Madrid. <span style=\"color: #008000;\">Impresoj de la Ilei-kongreso en Madrido<\/span><\/span><br \/>\n<\/span><\/strong><\/h4>\n<p>238 Teilnehmer aus 38 L\u00e4ndern nahmen teil, darunter ein Mitglied unseres Klubs als einziger Teilnehmer aus Deutschland. <em><span style=\"color: #008000;\">238 homoj partoprenis, inter ili membro de nia klubo kiel sola partopreninto el Germanio.<\/span><\/em><\/p>\n<div id=\"attachment_986\" style=\"width: 310px\" class=\"wp-caption aligncenter\"><a href=\"https:\/\/espera01.bn-paf.de\/wp-content\/uploads\/2018\/12\/w-IMG_0370.jpg\"><img aria-describedby=\"caption-attachment-986\" loading=\"lazy\" class=\"wp-image-986 size-medium\" src=\"https:\/\/espera01.bn-paf.de\/wp-content\/uploads\/2018\/12\/w-IMG_0370-300x180.jpg\" alt=\"\" width=\"300\" height=\"180\" srcset=\"https:\/\/www.esperantopfaffenhofen.de\/wp-content\/uploads\/2018\/12\/w-IMG_0370-300x180.jpg 300w, https:\/\/www.esperantopfaffenhofen.de\/wp-content\/uploads\/2018\/12\/w-IMG_0370.jpg 448w\" sizes=\"(max-width: 300px) 100vw, 300px\" \/><\/a><p id=\"caption-attachment-986\" class=\"wp-caption-text\">Internationaler Abend \/ <span style=\"color: #008000;\"><em>internacia vespero<\/em><\/span><\/p><\/div>\n<div id=\"attachment_990\" style=\"width: 310px\" class=\"wp-caption aligncenter\"><a href=\"https:\/\/espera01.bn-paf.de\/wp-content\/uploads\/2018\/12\/w-IMG_0079.jpg\"><img aria-describedby=\"caption-attachment-990\" loading=\"lazy\" class=\"wp-image-990 size-medium\" src=\"https:\/\/espera01.bn-paf.de\/wp-content\/uploads\/2018\/12\/w-IMG_0079-300x183.jpg\" alt=\"\" width=\"300\" height=\"183\" srcset=\"https:\/\/www.esperantopfaffenhofen.de\/wp-content\/uploads\/2018\/12\/w-IMG_0079-300x183.jpg 300w, https:\/\/www.esperantopfaffenhofen.de\/wp-content\/uploads\/2018\/12\/w-IMG_0079.jpg 448w\" sizes=\"(max-width: 300px) 100vw, 300px\" \/><\/a><p id=\"caption-attachment-990\" class=\"wp-caption-text\">spanische Tapas \/ <em><span style=\"color: #008000;\">hispana&nbsp;man\u011da\u0135o &#8222;Tapas&#8220;<\/span><\/em><\/p><\/div>\n<div id=\"attachment_993\" style=\"width: 310px\" class=\"wp-caption aligncenter\"><a href=\"https:\/\/espera01.bn-paf.de\/wp-content\/uploads\/2018\/12\/w-IMG_0120.jpg\"><img aria-describedby=\"caption-attachment-993\" loading=\"lazy\" class=\"wp-image-993 size-medium\" src=\"https:\/\/espera01.bn-paf.de\/wp-content\/uploads\/2018\/12\/w-IMG_0120-300x225.jpg\" alt=\"\" width=\"300\" height=\"225\" srcset=\"https:\/\/www.esperantopfaffenhofen.de\/wp-content\/uploads\/2018\/12\/w-IMG_0120-300x225.jpg 300w, https:\/\/www.esperantopfaffenhofen.de\/wp-content\/uploads\/2018\/12\/w-IMG_0120.jpg 448w\" sizes=\"(max-width: 300px) 100vw, 300px\" \/><\/a><p id=\"caption-attachment-993\" class=\"wp-caption-text\">eines von vielen Kursangeboten \/ <span style=\"color: #008000;\"><em>unu el multaj kurs-ofertoj<\/em><\/span><\/p><\/div>\n<div id=\"attachment_994\" style=\"width: 310px\" class=\"wp-caption aligncenter\"><a href=\"https:\/\/espera01.bn-paf.de\/wp-content\/uploads\/2018\/12\/w-IMG_0126.jpg\"><img aria-describedby=\"caption-attachment-994\" loading=\"lazy\" class=\"wp-image-994 size-medium\" src=\"https:\/\/espera01.bn-paf.de\/wp-content\/uploads\/2018\/12\/w-IMG_0126-300x232.jpg\" alt=\"\" width=\"300\" height=\"232\" srcset=\"https:\/\/www.esperantopfaffenhofen.de\/wp-content\/uploads\/2018\/12\/w-IMG_0126-300x232.jpg 300w, https:\/\/www.esperantopfaffenhofen.de\/wp-content\/uploads\/2018\/12\/w-IMG_0126.jpg 435w\" sizes=\"(max-width: 300px) 100vw, 300px\" \/><\/a><p id=\"caption-attachment-994\" class=\"wp-caption-text\">Gruppenbild mit Don Quichote \/ <em><span style=\"color: #008000;\">grupo-bildo kun Don Quichote<\/span><\/em><\/p><\/div>\n<div id=\"attachment_996\" style=\"width: 310px\" class=\"wp-caption aligncenter\"><a href=\"https:\/\/espera01.bn-paf.de\/wp-content\/uploads\/2018\/12\/w-IMG_0161.jpg\"><img aria-describedby=\"caption-attachment-996\" loading=\"lazy\" class=\"wp-image-996 size-medium\" src=\"https:\/\/espera01.bn-paf.de\/wp-content\/uploads\/2018\/12\/w-IMG_0161-300x193.jpg\" alt=\"\" width=\"300\" height=\"193\" srcset=\"https:\/\/www.esperantopfaffenhofen.de\/wp-content\/uploads\/2018\/12\/w-IMG_0161-300x193.jpg 300w, https:\/\/www.esperantopfaffenhofen.de\/wp-content\/uploads\/2018\/12\/w-IMG_0161.jpg 448w\" sizes=\"(max-width: 300px) 100vw, 300px\" \/><\/a><p id=\"caption-attachment-996\" class=\"wp-caption-text\">typische Mahlzeit in Madrid \/ <span style=\"color: #008000;\"><em>karakteriza man\u011da\u0135o en Madrido<\/em><\/span><\/p><\/div>\n<div id=\"attachment_997\" style=\"width: 310px\" class=\"wp-caption aligncenter\"><a href=\"https:\/\/espera01.bn-paf.de\/wp-content\/uploads\/2018\/12\/w-IMG_0183.jpg\"><img aria-describedby=\"caption-attachment-997\" loading=\"lazy\" class=\"wp-image-997 size-medium\" src=\"https:\/\/espera01.bn-paf.de\/wp-content\/uploads\/2018\/12\/w-IMG_0183-300x133.jpg\" alt=\"\" width=\"300\" height=\"133\" srcset=\"https:\/\/www.esperantopfaffenhofen.de\/wp-content\/uploads\/2018\/12\/w-IMG_0183-300x133.jpg 300w, https:\/\/www.esperantopfaffenhofen.de\/wp-content\/uploads\/2018\/12\/w-IMG_0183.jpg 448w\" sizes=\"(max-width: 300px) 100vw, 300px\" \/><\/a><p id=\"caption-attachment-997\" class=\"wp-caption-text\">viele Teilnehmer kamen aus S\u00fcdkorea \/ <span style=\"color: #008000;\"><em>multaj partoprenantoj venis el Suda Koreio<\/em><\/span><\/p><\/div>\n<div id=\"attachment_998\" style=\"width: 310px\" class=\"wp-caption aligncenter\"><a href=\"https:\/\/espera01.bn-paf.de\/wp-content\/uploads\/2018\/12\/w-IMG_0184.jpg\"><img aria-describedby=\"caption-attachment-998\" loading=\"lazy\" class=\"wp-image-998 size-medium\" src=\"https:\/\/espera01.bn-paf.de\/wp-content\/uploads\/2018\/12\/w-IMG_0184-300x162.jpg\" alt=\"\" width=\"300\" height=\"162\" srcset=\"https:\/\/www.esperantopfaffenhofen.de\/wp-content\/uploads\/2018\/12\/w-IMG_0184-300x162.jpg 300w, https:\/\/www.esperantopfaffenhofen.de\/wp-content\/uploads\/2018\/12\/w-IMG_0184.jpg 448w\" sizes=\"(max-width: 300px) 100vw, 300px\" \/><\/a><p id=\"caption-attachment-998\" class=\"wp-caption-text\">das Pr\u00e4sidium \/ <span style=\"color: #008000;\"><em>la estraro<\/em><\/span><\/p><\/div>\n<div id=\"attachment_1000\" style=\"width: 310px\" class=\"wp-caption aligncenter\"><a href=\"https:\/\/espera01.bn-paf.de\/wp-content\/uploads\/2018\/12\/w-IMG_0297.jpg\"><img aria-describedby=\"caption-attachment-1000\" loading=\"lazy\" class=\"wp-image-1000 size-medium\" src=\"https:\/\/espera01.bn-paf.de\/wp-content\/uploads\/2018\/12\/w-IMG_0297-300x180.jpg\" alt=\"\" width=\"300\" height=\"180\" srcset=\"https:\/\/www.esperantopfaffenhofen.de\/wp-content\/uploads\/2018\/12\/w-IMG_0297-300x180.jpg 300w, https:\/\/www.esperantopfaffenhofen.de\/wp-content\/uploads\/2018\/12\/w-IMG_0297.jpg 448w\" sizes=\"(max-width: 300px) 100vw, 300px\" \/><\/a><p id=\"caption-attachment-1000\" class=\"wp-caption-text\">Gruppenbild einer Ausflug-Gruppe \/ <em><span style=\"color: #008000;\">grupo-bildo de ekskursa grupo<\/span><\/em><\/p><\/div>\n<div id=\"attachment_999\" style=\"width: 310px\" class=\"wp-caption aligncenter\"><a href=\"https:\/\/espera01.bn-paf.de\/wp-content\/uploads\/2018\/12\/w-IMG_0274.jpg\"><img aria-describedby=\"caption-attachment-999\" loading=\"lazy\" class=\"wp-image-999 size-medium\" src=\"https:\/\/espera01.bn-paf.de\/wp-content\/uploads\/2018\/12\/w-IMG_0274-300x172.jpg\" alt=\"\" width=\"300\" height=\"172\" srcset=\"https:\/\/www.esperantopfaffenhofen.de\/wp-content\/uploads\/2018\/12\/w-IMG_0274-300x172.jpg 300w, https:\/\/www.esperantopfaffenhofen.de\/wp-content\/uploads\/2018\/12\/w-IMG_0274.jpg 448w\" sizes=\"(max-width: 300px) 100vw, 300px\" \/><\/a><p id=\"caption-attachment-999\" class=\"wp-caption-text\">Der neu gew\u00e4hlte ILEI-Vorstand \/<span style=\"color: #008000;\"><em> la nov-elektitaj IlEI-estraranoj<\/em><\/span><\/p><\/div>\n<div id=\"attachment_1001\" style=\"width: 310px\" class=\"wp-caption aligncenter\"><a href=\"https:\/\/espera01.bn-paf.de\/wp-content\/uploads\/2018\/12\/w-IMG_0308.jpg\"><img aria-describedby=\"caption-attachment-1001\" loading=\"lazy\" class=\"wp-image-1001 size-medium\" src=\"https:\/\/espera01.bn-paf.de\/wp-content\/uploads\/2018\/12\/w-IMG_0308-300x225.jpg\" alt=\"\" width=\"300\" height=\"225\" srcset=\"https:\/\/www.esperantopfaffenhofen.de\/wp-content\/uploads\/2018\/12\/w-IMG_0308-300x225.jpg 300w, https:\/\/www.esperantopfaffenhofen.de\/wp-content\/uploads\/2018\/12\/w-IMG_0308.jpg 448w\" sizes=\"(max-width: 300px) 100vw, 300px\" \/><\/a><p id=\"caption-attachment-1001\" class=\"wp-caption-text\">Ausflug nach Toledo \/ <em><span style=\"color: #008000;\">ekskurso al Toledo<\/span><\/em><\/p><\/div>\n<hr>\n<p><strong>Dreil\u00e4nderkongress in Zweibr\u00fccken &#8222;global vernetzt&#8220;<br \/>\n<\/strong><span style=\"color: #008000;\"><strong><em>Trilanda Esperanto-Kongreso en Zweibr\u00fccken &#8222;tutmonde ligita&#8220;<\/em><\/strong><\/span><\/p>\n<p>Vom 18.-21. Mai 2018 nahmen drei Klubmitglieder daran teil. Neben verschiedenen Sitzungen mehrerer Esperanto-Verb\u00e4nde gab es eine ganze Reihe interessanter Vortr\u00e4ge, B\u00fccherm\u00e4rkte, Ausfl\u00fcge und F\u00fchrungen. \u00dcber 160 Teilnehmer aus Deutschland, Frankreich, Luxemburg und 7 weiteren L\u00e4ndern verst\u00e4ndigten sich auf Esperanto und hatten Spa\u00df zusammen.<br \/>\n<span style=\"color: #008000;\"><em>De la 18-a \u011dis la 21-a de majo&nbsp; 2018 partoprenis 3 klubanoj. Krome de diversaj kunvenoj de Esperanto-asocioj oni ofertis multe da interesaj prelegoj, libroservoj, ekskursoj kaj urbogvidadoj.<\/em><\/span><br \/>\n<span style=\"color: #008000;\"><em>Pli ol 160 partoprenantoj el Germanio, Francio, Luksemburgio kaj 7 pluaj landoj interkompreni\u011dis per Esperanto kaj amuzi\u011dis&nbsp;<\/em><\/span><\/p>\n<div id=\"attachment_915\" style=\"width: 310px\" class=\"wp-caption alignleft\"><a href=\"https:\/\/espera01.bn-paf.de\/wp-content\/uploads\/2018\/06\/IMG_7167.jpg\"><img aria-describedby=\"caption-attachment-915\" loading=\"lazy\" class=\"wp-image-915 size-medium\" src=\"https:\/\/espera01.bn-paf.de\/wp-content\/uploads\/2018\/06\/IMG_7167-300x225.jpg\" alt=\"\" width=\"300\" height=\"225\" srcset=\"https:\/\/www.esperantopfaffenhofen.de\/wp-content\/uploads\/2018\/06\/IMG_7167-300x225.jpg 300w, https:\/\/www.esperantopfaffenhofen.de\/wp-content\/uploads\/2018\/06\/IMG_7167-768x576.jpg 768w, https:\/\/www.esperantopfaffenhofen.de\/wp-content\/uploads\/2018\/06\/IMG_7167-1024x768.jpg 1024w, https:\/\/www.esperantopfaffenhofen.de\/wp-content\/uploads\/2018\/06\/IMG_7167-800x600.jpg 800w, https:\/\/www.esperantopfaffenhofen.de\/wp-content\/uploads\/2018\/06\/IMG_7167.jpg 1632w\" sizes=\"(max-width: 300px) 100vw, 300px\" \/><\/a><p id=\"caption-attachment-915\" class=\"wp-caption-text\">&#8222;Alle passen gar nicht auf das Bild&#8220; Gruppenbild nach der Jahresversammung des deutschen Esperantobundes 2018 \/<span style=\"color: #008000;\">&nbsp;<\/span><em><span style=\"color: #008000;\">La foto estis ne sufi\u0109e granda por \u0109iuj, grupobildo post la jar\u0109efkunveno de la Germana Esperanto Asocio 2018<\/span> <\/em><\/p><\/div>\n<div id=\"attachment_916\" style=\"width: 310px\" class=\"wp-caption alignright\"><a href=\"https:\/\/espera01.bn-paf.de\/wp-content\/uploads\/2018\/06\/IMG_7172.jpg\"><img aria-describedby=\"caption-attachment-916\" loading=\"lazy\" class=\"wp-image-916 size-medium\" src=\"https:\/\/espera01.bn-paf.de\/wp-content\/uploads\/2018\/06\/IMG_7172-300x225.jpg\" alt=\"\" width=\"300\" height=\"225\" srcset=\"https:\/\/www.esperantopfaffenhofen.de\/wp-content\/uploads\/2018\/06\/IMG_7172-300x225.jpg 300w, https:\/\/www.esperantopfaffenhofen.de\/wp-content\/uploads\/2018\/06\/IMG_7172-768x576.jpg 768w, https:\/\/www.esperantopfaffenhofen.de\/wp-content\/uploads\/2018\/06\/IMG_7172-1024x768.jpg 1024w, https:\/\/www.esperantopfaffenhofen.de\/wp-content\/uploads\/2018\/06\/IMG_7172-800x600.jpg 800w, https:\/\/www.esperantopfaffenhofen.de\/wp-content\/uploads\/2018\/06\/IMG_7172.jpg 1632w\" sizes=\"(max-width: 300px) 100vw, 300px\" \/><\/a><p id=\"caption-attachment-916\" class=\"wp-caption-text\">&#8222;Vor dem Schlossplatz&#8220; Kleine Stadtf\u00fchrung durch Zweibr\u00fccken \/ <span style=\"color: #008000;\"><em>&#8222;Anta\u016d la kastel-placo&#8220; Malgranda gvidado tra Zweibr\u00fccken<\/em><\/span><\/p><\/div>\n<div id=\"attachment_917\" style=\"width: 310px\" class=\"wp-caption alignleft\"><a href=\"https:\/\/espera01.bn-paf.de\/wp-content\/uploads\/2018\/06\/IMG_7184.jpg\"><img aria-describedby=\"caption-attachment-917\" loading=\"lazy\" class=\"wp-image-917 size-medium\" src=\"https:\/\/espera01.bn-paf.de\/wp-content\/uploads\/2018\/06\/IMG_7184-300x225.jpg\" alt=\"\" width=\"300\" height=\"225\" srcset=\"https:\/\/www.esperantopfaffenhofen.de\/wp-content\/uploads\/2018\/06\/IMG_7184-300x225.jpg 300w, https:\/\/www.esperantopfaffenhofen.de\/wp-content\/uploads\/2018\/06\/IMG_7184-768x576.jpg 768w, https:\/\/www.esperantopfaffenhofen.de\/wp-content\/uploads\/2018\/06\/IMG_7184-1024x768.jpg 1024w, https:\/\/www.esperantopfaffenhofen.de\/wp-content\/uploads\/2018\/06\/IMG_7184-800x600.jpg 800w, https:\/\/www.esperantopfaffenhofen.de\/wp-content\/uploads\/2018\/06\/IMG_7184.jpg 1632w\" sizes=\"(max-width: 300px) 100vw, 300px\" \/><\/a><p id=\"caption-attachment-917\" class=\"wp-caption-text\">&#8222;Im Rosengarten&#8220; von links: \/&nbsp;<span style=\"color: #008000;\"><em>&#8222;En la roz-\u011dardeno&#8220; de maldekstre: <\/em><\/span>Judith und Gustav Neumair, Franz Kn\u00f6ferl<\/p><\/div>\n<div id=\"attachment_918\" style=\"width: 310px\" class=\"wp-caption alignright\"><a href=\"https:\/\/espera01.bn-paf.de\/wp-content\/uploads\/2018\/06\/IMG_7197.jpg\"><img aria-describedby=\"caption-attachment-918\" loading=\"lazy\" class=\"wp-image-918 size-medium\" src=\"https:\/\/espera01.bn-paf.de\/wp-content\/uploads\/2018\/06\/IMG_7197-300x225.jpg\" alt=\"\" width=\"300\" height=\"225\" srcset=\"https:\/\/www.esperantopfaffenhofen.de\/wp-content\/uploads\/2018\/06\/IMG_7197-300x225.jpg 300w, https:\/\/www.esperantopfaffenhofen.de\/wp-content\/uploads\/2018\/06\/IMG_7197-768x576.jpg 768w, https:\/\/www.esperantopfaffenhofen.de\/wp-content\/uploads\/2018\/06\/IMG_7197-1024x768.jpg 1024w, https:\/\/www.esperantopfaffenhofen.de\/wp-content\/uploads\/2018\/06\/IMG_7197-800x600.jpg 800w, https:\/\/www.esperantopfaffenhofen.de\/wp-content\/uploads\/2018\/06\/IMG_7197.jpg 1632w\" sizes=\"(max-width: 300px) 100vw, 300px\" \/><\/a><p id=\"caption-attachment-918\" class=\"wp-caption-text\">Zweibr\u00fccken nennt sich auch &#8222;Rosenstadt&#8220; \/ <span style=\"color: #008000;\"><em>Zweibr\u00fccken nomi\u011das anka\u016d &#8222;la urbo de rozoj&#8220;<\/em><\/span><\/p><\/div>\n<div id=\"attachment_919\" style=\"width: 310px\" class=\"wp-caption alignnone\"><a href=\"https:\/\/espera01.bn-paf.de\/wp-content\/uploads\/2018\/06\/IMG_7200.jpg\"><img aria-describedby=\"caption-attachment-919\" loading=\"lazy\" class=\"wp-image-919 size-medium\" src=\"https:\/\/espera01.bn-paf.de\/wp-content\/uploads\/2018\/06\/IMG_7200-300x225.jpg\" alt=\"\" width=\"300\" height=\"225\" srcset=\"https:\/\/www.esperantopfaffenhofen.de\/wp-content\/uploads\/2018\/06\/IMG_7200-300x225.jpg 300w, https:\/\/www.esperantopfaffenhofen.de\/wp-content\/uploads\/2018\/06\/IMG_7200-768x576.jpg 768w, https:\/\/www.esperantopfaffenhofen.de\/wp-content\/uploads\/2018\/06\/IMG_7200-1024x768.jpg 1024w, https:\/\/www.esperantopfaffenhofen.de\/wp-content\/uploads\/2018\/06\/IMG_7200-800x600.jpg 800w, https:\/\/www.esperantopfaffenhofen.de\/wp-content\/uploads\/2018\/06\/IMG_7200.jpg 1632w\" sizes=\"(max-width: 300px) 100vw, 300px\" \/><\/a><p id=\"caption-attachment-919\" class=\"wp-caption-text\">Sehr interessanter Vortrag von Chuck Smith und Charlotte Scherping Larson \u00fcber die Lernstrategien vielsprachiger Menschen (Polyglotte) \/ <span style=\"color: #008000;\"><em>Tre interesa prelego de Chuck Smith kaj Charlotte Scherping Larson pri lern-strategioj de poliglotaj homoj<\/em><\/span><\/p><\/div>\n<hr>\n<p><strong>Stand beim Neub\u00fcrgerfest im B\u00fcrgerpark in Pfaffenhofen<\/strong><br \/>\n<span style=\"color: #008000;\"><strong><em>Esperanto-informstando dum la festo por novcivitanoj en Pfaffenhofen <\/em><em>en la &#8222;B\u00fcrgerpark&#8220;.<\/em><\/strong><\/span><\/p>\n<p><strong><a href=\"https:\/\/espera01.bn-paf.de\/wp-content\/uploads\/2018\/11\/IMG_7272.jpg\"><img loading=\"lazy\" class=\"size-medium wp-image-974 alignleft\" src=\"https:\/\/espera01.bn-paf.de\/wp-content\/uploads\/2018\/11\/IMG_7272-300x225.jpg\" alt=\"\" width=\"300\" height=\"225\" srcset=\"https:\/\/www.esperantopfaffenhofen.de\/wp-content\/uploads\/2018\/11\/IMG_7272-300x225.jpg 300w, https:\/\/www.esperantopfaffenhofen.de\/wp-content\/uploads\/2018\/11\/IMG_7272.jpg 448w\" sizes=\"(max-width: 300px) 100vw, 300px\" \/><\/a><\/strong>Am Sonntag 10. Juni 2018 pr\u00e4sentierten sich viele Vereine und Einrichtungen mit Infost\u00e4nden und Aktionen den \u00fcber 2000 Pfaffenhofener Neub\u00fcrgern. Wir stellten unseren Klub von 13.00 bis 17.00 Uhr mit Bildern, Prospekten, B\u00fcchern und Musik auf Esperanto vor.<strong><a href=\"https:\/\/espera01.bn-paf.de\/wp-content\/uploads\/2018\/11\/IMG_7279.jpg\"><img loading=\"lazy\" class=\"size-medium wp-image-975 alignright\" src=\"https:\/\/espera01.bn-paf.de\/wp-content\/uploads\/2018\/11\/IMG_7279-300x225.jpg\" alt=\"\" width=\"300\" height=\"225\" srcset=\"https:\/\/www.esperantopfaffenhofen.de\/wp-content\/uploads\/2018\/11\/IMG_7279-300x225.jpg 300w, https:\/\/www.esperantopfaffenhofen.de\/wp-content\/uploads\/2018\/11\/IMG_7279.jpg 448w\" sizes=\"(max-width: 300px) 100vw, 300px\" \/><\/a><\/strong><br \/>\n<span style=\"color: #008000;\"><em>Diman\u0109e la 10-an de Junio prezentis sin multe da kluboj kaj asocioj per informstandoj kaj ofertoj al la pli 0l 2000 novcivitanoj. <\/em><em>Ni prezentis nian klubon dum la tempo inter 13.00 \u011dis 17.00 horo per bildoj, prospektoj, libroj kaj muziko en Esperanto.<\/em><\/span><\/p>\n<hr>\n<p><strong>Jahreshauptversammlung<\/strong><\/p>\n<p>Am Samstag, den 10. M\u00e4rz 2018 um 14.00 Uhr<br \/>\nim Cafe J\u00fcrgen\u00b4s, Sparkassenplatz, 85276 Pfaffenhofen an der Ilm<\/p>\n<p><a href=\"https:\/\/espera01.bn-paf.de\/wp-content\/uploads\/2015\/05\/2018-Jahreshauptversammlung-Einladung.pdf\" target=\"_blank\" rel=\"noopener noreferrer\">Tagesordnung<\/a><br \/>\n<a href=\"https:\/\/espera01.bn-paf.de\/wp-content\/uploads\/2018\/06\/180310_JHV_Protokoll-2.docx\">Protokoll<\/a><\/p>\n","protected":false},"excerpt":{"rendered":"<p>F\u00fcr den 8. Dezember hatte unser Klub zur bayrischen Zamenhof-Feier eingeladen. Den Zeitungsbericht dar\u00fcber finden Sie hier: Por la 8-an de decembro nia klubo invitis al la bavara Zamenhof-festo. La gazeto-artikolon vi trovos \u0109i tie: Zeitungsbericht von der Zamenhof-Feier am &hellip; <a href=\"https:\/\/espera01.bn-paf.de\/?page_id=71\">Weiterlesen <span class=\"meta-nav\">&rarr;<\/span><\/a><\/p>\n","protected":false},"author":1,"featured_media":0,"parent":0,"menu_order":0,"comment_status":"closed","ping_status":"open","template":"","meta":[],"_links":{"self":[{"href":"https:\/\/espera01.bn-paf.de\/index.php?rest_route=\/wp\/v2\/pages\/71"}],"collection":[{"href":"https:\/\/espera01.bn-paf.de\/index.php?rest_route=\/wp\/v2\/pages"}],"about":[{"href":"https:\/\/espera01.bn-paf.de\/index.php?rest_route=\/wp\/v2\/types\/page"}],"author":[{"embeddable":true,"href":"https:\/\/espera01.bn-paf.de\/index.php?rest_route=\/wp\/v2\/users\/1"}],"replies":[{"embeddable":true,"href":"https:\/\/espera01.bn-paf.de\/index.php?rest_route=%2Fwp%2Fv2%2Fcomments&post=71"}],"version-history":[{"count":94,"href":"https:\/\/espera01.bn-paf.de\/index.php?rest_route=\/wp\/v2\/pages\/71\/revisions"}],"predecessor-version":[{"id":1022,"href":"https:\/\/espera01.bn-paf.de\/index.php?rest_route=\/wp\/v2\/pages\/71\/revisions\/1022"}],"wp:attachment":[{"href":"https:\/\/espera01.bn-paf.de\/index.php?rest_route=%2Fwp%2Fv2%2Fmedia&parent=71"}],"curies":[{"name":"wp","href":"https:\/\/api.w.org\/{rel}","templated":true}]}}