{"id":61,"date":"2015-05-28T22:22:49","date_gmt":"2015-05-28T20:22:49","guid":{"rendered":"http:\/\/neumai02.bn-paf.de\/esperanto\/?page_id=61"},"modified":"2016-03-06T20:19:02","modified_gmt":"2016-03-06T19:19:02","slug":"esperanto-vorteile","status":"publish","type":"page","link":"https:\/\/espera01.bn-paf.de\/?page_id=61","title":{"rendered":"Warum wir Esperanto-Sprecher sind"},"content":{"rendered":"<p><strong>Esperanto ist leichter zu lernen<a href=\"https:\/\/espera01.bn-paf.de\/wp-content\/uploads\/2015\/05\/canstockphoto4492272.jpg\" rel=\"attachment wp-att-557\"><img loading=\"lazy\" class=\"wp-image-557 size-medium alignright\" src=\"https:\/\/espera01.bn-paf.de\/wp-content\/uploads\/2015\/05\/canstockphoto4492272-300x300.jpg\" alt=\"canstockphoto4492272\" width=\"300\" height=\"300\" srcset=\"https:\/\/www.esperantopfaffenhofen.de\/wp-content\/uploads\/2015\/05\/canstockphoto4492272-300x300.jpg 300w, https:\/\/www.esperantopfaffenhofen.de\/wp-content\/uploads\/2015\/05\/canstockphoto4492272-150x150.jpg 150w, https:\/\/www.esperantopfaffenhofen.de\/wp-content\/uploads\/2015\/05\/canstockphoto4492272-768x768.jpg 768w, https:\/\/www.esperantopfaffenhofen.de\/wp-content\/uploads\/2015\/05\/canstockphoto4492272.jpg 800w\" sizes=\"(max-width: 300px) 100vw, 300px\" \/><\/a><\/strong><\/p>\n<p>Jeder der Esperanto lernt, merkt sehr schnell, dass Esperanto viel leichter zu lernen ist, als jede andere National- oder Volkssprache. Esperanto ist relativ leicht, weil die Sprache wenige Regeln und keine Ausnahmen kennt und international gebr\u00e4uchliche Wortst\u00e4mme verwendet. Um z.B. das Sprachniveau B2 zu erreichen, braucht man bei Esperanto erfahrungsgem\u00e4\u00df deutlich weniger als ein Drittel der Zeit, die man f\u00fcr andere Sprachen aufwenden m\u00fcsste.<\/p>\n<p><strong>Esperanto ist neutraler und gerechter<\/strong><\/p>\n<p>Etwa 7% der Menschen sprechen Englisch als Muttersprache. Sie haben gegen\u00fcber allen Anderen, die Englisch erst lernen m\u00fcssen, einen sehr ungerechten Vorteil. Deutschen, Niederl\u00e4ndern, Schweden f\u00e4llt es relativ leicht, ein hohes Niveau in Englisch zu erreichen, denn ihre Sprachen sind verwandt. Dagegen m\u00fcssen Ungarn, Chinesen, Japaner, T\u00fcrken, Koreaner und viele andere unglaublich viel Zeit und M\u00fche aufwenden, um sich in Englisch ausdr\u00fccken zu k\u00f6nnen. Esperanto will keine Muttersprache ersetzen, im Gegenteil, die Esperanto-Gemeinschaft unterst\u00fctzt die Sprachenvielfalt. Kein Muttersprachler soll gegen\u00fcber den anderen Sprachen Vorteile haben. Esperanto will die Verst\u00e4ndigung auf Augenh\u00f6he erleichtern.<\/p>\n<p><strong>La interna ideo &#8211; die innere Idee<\/strong><\/p>\n<p><a href=\"https:\/\/espera01.bn-paf.de\/wp-content\/uploads\/2015\/05\/canstockphoto15583725.jpg\" rel=\"attachment wp-att-559\"><img loading=\"lazy\" class=\"alignleft wp-image-559 size-medium\" src=\"https:\/\/espera01.bn-paf.de\/wp-content\/uploads\/2015\/05\/canstockphoto15583725-300x120.jpg\" alt=\"canstockphoto15583725\" width=\"300\" height=\"120\" srcset=\"https:\/\/www.esperantopfaffenhofen.de\/wp-content\/uploads\/2015\/05\/canstockphoto15583725-300x120.jpg 300w, https:\/\/www.esperantopfaffenhofen.de\/wp-content\/uploads\/2015\/05\/canstockphoto15583725-768x306.jpg 768w, https:\/\/www.esperantopfaffenhofen.de\/wp-content\/uploads\/2015\/05\/canstockphoto15583725.jpg 800w\" sizes=\"(max-width: 300px) 100vw, 300px\" \/><\/a>Mit Esperanto verbunden ist eine Friedens- und Freundschaftsideologie zwischen allen V\u00f6lkern, die auf allen internationalen Treffen angenehm zu sp\u00fcren ist.<\/p>\n<p><strong>Die reiche Esperanto-Kultur<\/strong><\/p>\n<p>Musik aller Genres; B\u00fccher, die in Esperanto verfasst wurden; in Esperanto \u00fcbersetzte Weltliteratur; Gedichte; Zeitschriften; Internetradio und Potkasts; Theaterst\u00fccke; Filme&#8230;.\u00a0\u00a0 Die Sprache eignet sich hervorragend, um sich pr\u00e4zise und poetisch auszudr\u00fccken; sie verlockt dazu, mit ihr zu spielen und zu experimentieren&#8230;.<\/p>\n<p><strong>Gastfreundschaft<\/strong><\/p>\n<p>Der Weltverband pflegt eine Internet-Seite mit den Adressen von Gastgeber-Esperantisten, den <a href=\"http:\/\/www.pasportaservo.org\/\" target=\"_blank\">Pasporta Servo<\/a>. Wer sich darin eintragen l\u00e4sst, erkl\u00e4rt sich bereit, andere Esperantisten kostenlos oder gegen eine kleine Geb\u00fchr als G\u00e4ste aufzunehmen. Wer also kosteng\u00fcnstig reisen und Land und Leute wirklich kennen lernen will, kann sich registrieren und hat dann die &#8222;Auswahl&#8220; unter etwa 1200 Adressen in mehr als 90 L\u00e4ndern.<\/p>\n<p><strong>Internationale Esperanto-Veranstaltungen<\/strong><\/p>\n<p>Man trifft unterschiedlichste Leute aus unterschiedlichsten L\u00e4ndern, diskutiert zusammen, h\u00f6rt interessante Vorlesungen und Vortr\u00e4ge, macht miteinander Musik, h\u00f6rt Konzerte, tanzt, sieht Theater, spielt, macht Ausfl\u00fcge und genie\u00dft die offene und freundschaftliche Atmosph\u00e4re. Der Horizont wird erweitert, Freundschaften und Beziehungen werden gekn\u00fcpft und gepflegt &#8211; und das alles auf Esperanto. Eine Liste mit internationalen Treffen bietet die ungarische Seite <a href=\"http:\/\/www.eventoj.hu\/2015.htm\" target=\"_blank\">http:\/\/www.eventoj.hu\/2015.htm<\/a><\/p>\n<hr \/>\n<p><em>Grafik oben: tanik, 2010-09-19<\/em><br \/>\n<em> Grafik unten: Mirage3, 2013-09-01<\/em><\/p>\n","protected":false},"excerpt":{"rendered":"<p>Esperanto ist leichter zu lernen Jeder der Esperanto lernt, merkt sehr schnell, dass Esperanto viel leichter zu lernen ist, als jede andere National- oder Volkssprache. Esperanto ist relativ leicht, weil die Sprache wenige Regeln und keine Ausnahmen kennt und international &hellip; <a href=\"https:\/\/espera01.bn-paf.de\/?page_id=61\">Weiterlesen <span class=\"meta-nav\">&rarr;<\/span><\/a><\/p>\n","protected":false},"author":1,"featured_media":0,"parent":11,"menu_order":0,"comment_status":"closed","ping_status":"open","template":"","meta":[],"_links":{"self":[{"href":"https:\/\/espera01.bn-paf.de\/index.php?rest_route=\/wp\/v2\/pages\/61"}],"collection":[{"href":"https:\/\/espera01.bn-paf.de\/index.php?rest_route=\/wp\/v2\/pages"}],"about":[{"href":"https:\/\/espera01.bn-paf.de\/index.php?rest_route=\/wp\/v2\/types\/page"}],"author":[{"embeddable":true,"href":"https:\/\/espera01.bn-paf.de\/index.php?rest_route=\/wp\/v2\/users\/1"}],"replies":[{"embeddable":true,"href":"https:\/\/espera01.bn-paf.de\/index.php?rest_route=%2Fwp%2Fv2%2Fcomments&post=61"}],"version-history":[{"count":13,"href":"https:\/\/espera01.bn-paf.de\/index.php?rest_route=\/wp\/v2\/pages\/61\/revisions"}],"predecessor-version":[{"id":743,"href":"https:\/\/espera01.bn-paf.de\/index.php?rest_route=\/wp\/v2\/pages\/61\/revisions\/743"}],"up":[{"embeddable":true,"href":"https:\/\/espera01.bn-paf.de\/index.php?rest_route=\/wp\/v2\/pages\/11"}],"wp:attachment":[{"href":"https:\/\/espera01.bn-paf.de\/index.php?rest_route=%2Fwp%2Fv2%2Fmedia&parent=61"}],"curies":[{"name":"wp","href":"https:\/\/api.w.org\/{rel}","templated":true}]}}