{"id":59,"date":"2015-05-28T22:21:37","date_gmt":"2015-05-28T20:21:37","guid":{"rendered":"http:\/\/neumai02.bn-paf.de\/esperanto\/?page_id=59"},"modified":"2016-02-15T00:07:53","modified_gmt":"2016-02-14T23:07:53","slug":"wer-hats-erfunden","status":"publish","type":"page","link":"https:\/\/espera01.bn-paf.de\/?page_id=59","title":{"rendered":"Wer hat&#8217;s erfunden?"},"content":{"rendered":"<p>Esperanto wurde von Dr.Ludwig Lejzer Zamenhof erfunden.<a href=\"https:\/\/espera01.bn-paf.de\/wp-content\/uploads\/2015\/05\/zamenhof.jpg\" rel=\"attachment wp-att-671\"><img loading=\"lazy\" class=\"alignright wp-image-671 size-medium\" src=\"https:\/\/espera01.bn-paf.de\/wp-content\/uploads\/2015\/05\/zamenhof-214x300.jpg\" alt=\"zamenhof\" width=\"214\" height=\"300\" srcset=\"https:\/\/www.esperantopfaffenhofen.de\/wp-content\/uploads\/2015\/05\/zamenhof-214x300.jpg 214w, https:\/\/www.esperantopfaffenhofen.de\/wp-content\/uploads\/2015\/05\/zamenhof-768x1078.jpg 768w, https:\/\/www.esperantopfaffenhofen.de\/wp-content\/uploads\/2015\/05\/zamenhof-729x1024.jpg 729w, https:\/\/www.esperantopfaffenhofen.de\/wp-content\/uploads\/2015\/05\/zamenhof-570x800.jpg 570w, https:\/\/www.esperantopfaffenhofen.de\/wp-content\/uploads\/2015\/05\/zamenhof.jpg 800w\" sizes=\"(max-width: 214px) 100vw, 214px\" \/><\/a><\/p>\n<p>Zamenhof wurde am 15. Dezember 1859 in der polnischen Stadt Bia\u0142ystok\u00a0 geboren, die damals zum russischen Reich geh\u00f6rte. Er war Augenarzt und hatte mit seiner Frau Klara drei Kinder. Zeitgenossen beschreiben ihn als etwas sch\u00fcchternen, bescheidenen Mann, als sehr idealistisch und angenehm im Umgang, aber auch n\u00fcchtern und abw\u00e4gend.<\/p>\n<p>Bereits als Kind interessierte sich Zamenhof f\u00fcr Fremdsprachen. Sein Vater sprach Russisch, die Mutter Jiddisch, in der Stadt sprach man Polnisch. Wohl fr\u00fch lernte er Deutsch und Franz\u00f6sisch dazu, in der Schule dann Griechisch, Latein und Englisch. Au\u00dferdem beherrschte er Hebr\u00e4isch so gut, dass er\u00a0 sp\u00e4ter das Alte Testament direkt aus dem H\u00e4br\u00e4ischen ins Esperanto \u00fcbersetzten konnte.<\/p>\n<p>Zamenhof erfand eine neue, leicht zu erlernende Sprache, weil er glaubte, dass die Menschheit sich dadurch besser verstehen und vertragen w\u00fcrde. In L\u00e4ndern mit verschiedenen Sprachen sollte Esperanto als Br\u00fcckensprache fungieren, alle anderen Sprachen aber gleichberechtigte Amtssprachen sein. Zamenhof tr\u00e4umte davon, dass eine neutrale Sprache die V\u00f6lkerverst\u00e4ndigung und religi\u00f6se Toleranz f\u00f6rdern w\u00fcrde. 1887 ver\u00f6ffentlichte er unter dem Decknamen &#8222;Dr. Esperanto&#8220; seine Brosch\u00fcre \u201eInternationale Sprache\u201c. (Esperanto hei\u00dft w\u00f6rtlich <i>ein Hoffender<\/i>).<\/p>\n<p>Als Zamenhof 1914 auf dem Weg\u00a0 zum 10. Esperanto-Weltkongress war, brach der erste Weltkrieg aus, und er musste einen langen und schwierigen Umweg nach Hause nehmen. Mit 57 Jahren starb er am 14. April 1917 an einer Herzkrankheit. Eine gro\u00dfe Menschenmenge, darunter Esperanto-Sprecher und viele seiner armen j\u00fcdischen Patienten gaben ihm das letzte Geleit.<\/p>\n<hr \/>\n<p>Bild: <em>Von The Congressional Book of the 4th World Esperanto Congress in Dresden (from the UEA archive)., Gemeinfrei, https:\/\/commons.wikimedia.org\/w\/index.php?curid=2915157<\/em><\/p>\n","protected":false},"excerpt":{"rendered":"<p>Esperanto wurde von Dr.Ludwig Lejzer Zamenhof erfunden. Zamenhof wurde am 15. Dezember 1859 in der polnischen Stadt Bia\u0142ystok\u00a0 geboren, die damals zum russischen Reich geh\u00f6rte. Er war Augenarzt und hatte mit seiner Frau Klara drei Kinder. Zeitgenossen beschreiben ihn als &hellip; <a href=\"https:\/\/espera01.bn-paf.de\/?page_id=59\">Weiterlesen <span class=\"meta-nav\">&rarr;<\/span><\/a><\/p>\n","protected":false},"author":1,"featured_media":0,"parent":11,"menu_order":0,"comment_status":"closed","ping_status":"open","template":"","meta":[],"_links":{"self":[{"href":"https:\/\/espera01.bn-paf.de\/index.php?rest_route=\/wp\/v2\/pages\/59"}],"collection":[{"href":"https:\/\/espera01.bn-paf.de\/index.php?rest_route=\/wp\/v2\/pages"}],"about":[{"href":"https:\/\/espera01.bn-paf.de\/index.php?rest_route=\/wp\/v2\/types\/page"}],"author":[{"embeddable":true,"href":"https:\/\/espera01.bn-paf.de\/index.php?rest_route=\/wp\/v2\/users\/1"}],"replies":[{"embeddable":true,"href":"https:\/\/espera01.bn-paf.de\/index.php?rest_route=%2Fwp%2Fv2%2Fcomments&post=59"}],"version-history":[{"count":3,"href":"https:\/\/espera01.bn-paf.de\/index.php?rest_route=\/wp\/v2\/pages\/59\/revisions"}],"predecessor-version":[{"id":672,"href":"https:\/\/espera01.bn-paf.de\/index.php?rest_route=\/wp\/v2\/pages\/59\/revisions\/672"}],"up":[{"embeddable":true,"href":"https:\/\/espera01.bn-paf.de\/index.php?rest_route=\/wp\/v2\/pages\/11"}],"wp:attachment":[{"href":"https:\/\/espera01.bn-paf.de\/index.php?rest_route=%2Fwp%2Fv2%2Fmedia&parent=59"}],"curies":[{"name":"wp","href":"https:\/\/api.w.org\/{rel}","templated":true}]}}