{"id":538,"date":"2016-02-14T09:49:57","date_gmt":"2016-02-14T08:49:57","guid":{"rendered":"http:\/\/neumai02.bn-paf.de\/esperanto\/?page_id=538"},"modified":"2016-02-14T09:49:57","modified_gmt":"2016-02-14T08:49:57","slug":"wie-der-stammvater-der-bayern-entstand","status":"publish","type":"page","link":"https:\/\/espera01.bn-paf.de\/?page_id=538","title":{"rendered":"Wie der Stammvater der Bayern entstand"},"content":{"rendered":"<p>Autor: unbekannt<br \/>\n\u00dcbersetzung ins Esperanto: Josef Lechermeier<\/p>\n<p>An einem Sonntag ging der Liebe Gott durch den Wald.<br \/>\nDa sah er einen Holzf\u00e4ller, der gerade an einem St\u00fcck Holz schnitzte. Zu ihm sagte der Liebe Gott:<br \/>\n\u201eWas machst du denn da?\u201c<br \/>\n\u201eIch m\u00f6chte gern einen Menschen schnitzen.\u201c<br \/>\n\u201eJa, glaubst du denn, dass dieser Mensch leben k\u00f6nnte?\u201c<br \/>\n\u201eNein, das ist nat\u00fcrlich nicht m\u00f6glich. Da m\u00fcsste man ihm ja erst den g\u00f6ttlichen Odem einhauchen.\u201c<br \/>\nUnd da der Liebe Gott sich gerade in seiner besten Sonntagslaune befand, b\u00fcckte er sich zu dem Holzklotz nieder und blies ihm den g\u00f6ttlichen Odem ein.<\/p>\n<p>Da sprang der Holzklotz auf und rannte davon.<br \/>\n\u201eHalt, halt, der ist doch noch gar nicht gehobelt und geschliffen!\u201c<\/p>\n<p>\u201eDas macht nichts, lass ihn laufen! \u2013 Das soll der Stammvater der Bayern werden!\u201c<\/p>\n","protected":false},"excerpt":{"rendered":"<p>Autor: unbekannt \u00dcbersetzung ins Esperanto: Josef Lechermeier An einem Sonntag ging der Liebe Gott durch den Wald. Da sah er einen Holzf\u00e4ller, der gerade an einem St\u00fcck Holz schnitzte. Zu ihm sagte der Liebe Gott: \u201eWas machst du denn da?\u201c &hellip; <a href=\"https:\/\/espera01.bn-paf.de\/?page_id=538\">Weiterlesen <span class=\"meta-nav\">&rarr;<\/span><\/a><\/p>\n","protected":false},"author":1,"featured_media":0,"parent":0,"menu_order":0,"comment_status":"closed","ping_status":"closed","template":"","meta":[],"_links":{"self":[{"href":"https:\/\/espera01.bn-paf.de\/index.php?rest_route=\/wp\/v2\/pages\/538"}],"collection":[{"href":"https:\/\/espera01.bn-paf.de\/index.php?rest_route=\/wp\/v2\/pages"}],"about":[{"href":"https:\/\/espera01.bn-paf.de\/index.php?rest_route=\/wp\/v2\/types\/page"}],"author":[{"embeddable":true,"href":"https:\/\/espera01.bn-paf.de\/index.php?rest_route=\/wp\/v2\/users\/1"}],"replies":[{"embeddable":true,"href":"https:\/\/espera01.bn-paf.de\/index.php?rest_route=%2Fwp%2Fv2%2Fcomments&post=538"}],"version-history":[{"count":1,"href":"https:\/\/espera01.bn-paf.de\/index.php?rest_route=\/wp\/v2\/pages\/538\/revisions"}],"predecessor-version":[{"id":540,"href":"https:\/\/espera01.bn-paf.de\/index.php?rest_route=\/wp\/v2\/pages\/538\/revisions\/540"}],"wp:attachment":[{"href":"https:\/\/espera01.bn-paf.de\/index.php?rest_route=%2Fwp%2Fv2%2Fmedia&parent=538"}],"curies":[{"name":"wp","href":"https:\/\/api.w.org\/{rel}","templated":true}]}}