{"id":32,"date":"2015-05-28T20:56:07","date_gmt":"2015-05-28T18:56:07","guid":{"rendered":"http:\/\/neumai02.bn-paf.de\/esperanto\/?page_id=32"},"modified":"2015-08-13T19:36:48","modified_gmt":"2015-08-13T17:36:48","slug":"test-2","status":"publish","type":"page","link":"https:\/\/espera01.bn-paf.de\/?page_id=32","title":{"rendered":"Die Organisation \/ la organizado"},"content":{"rendered":"<p>Unser Klub ist, wie die meisten Ortsverb\u00e4nde, Mitglied beim Deutschen\u00a0<a href=\"http:\/\/www.esperanto.de\" target=\"_blank\">Esperanto-Bund (DEB)<\/a><\/p>\n<p>Esperantisten unter 26 Jahren k\u00f6nnen bei der <a href=\"http:\/\/www.esperanto.de\/de\/dej\" target=\"_blank\">Deutschen Esperanto-Jugend (DEJ)<\/a> Mitglied werden, oder auch bei der <a href=\"http:\/\/www.tejo.org\" target=\"_blank\">internationalen Esperanto-Jugend TEJO <\/a><\/p>\n<p>Ausserdem gibt es noch die <a href=\"http:\/\/www.europo.eu\" target=\"_blank\">Europ\u00e4ische Esperantovereinigung<\/a>, sowie den Weltverband <a href=\"http:\/\/www.uea.org\/\" target=\"_blank\">Universala Esperanto Asocio (UEA)<\/a><\/p>\n<p>Unterschiedlichste Interessengruppen wie zum Beispiel Vegetarier, Sozialisten, Moslem, Eisenbahner, Radfahrer, Blinde, Atheisten, Esperanto-Lehrer, Philosophen, Katholiken, Juristen, Journalisten, Katzenliebhaber, Mormonen, Mediziner, Rotarier, Buddhisten, Radioamateure&#8230;.. haben eigene Verb\u00e4nde und organisieren Treffen und Kongresse. Die Sprache ist also keineswegs an bestimmte Weltanschauungen gebunden, weltweit sind Diskussionen \u00fcber fast jedes beliebige Thema m\u00f6glich.<\/p>\n<p>Diverse Bibliotheken, Ausstellungen, Museen, (online-)Archive&#8230;.<\/p>\n<p>Auch Bildungseinrichtungen, Akademien und Institute gibt es. In Deutschland z.B.: <a href=\"http:\/\/esperanto-urbo.de\/page.php?pid=77507155\" target=\"_blank\">Esperanto Zentrum Herzberg<\/a><\/p>\n<p>Studieng\u00e4nge in Esperanto und Esperanto als Unterrichtsfach sind in Deutschland selten, in manchen L\u00e4ndern, z.B. in Ungarn aber \u00fcblich und sehr beliebt<\/p>\n<p>&nbsp;<\/p>\n<p>&nbsp;<\/p>\n<p>&nbsp;<\/p>\n","protected":false},"excerpt":{"rendered":"<p>Unser Klub ist, wie die meisten Ortsverb\u00e4nde, Mitglied beim Deutschen\u00a0Esperanto-Bund (DEB) Esperantisten unter 26 Jahren k\u00f6nnen bei der Deutschen Esperanto-Jugend (DEJ) Mitglied werden, oder auch bei der internationalen Esperanto-Jugend TEJO Ausserdem gibt es noch die Europ\u00e4ische Esperantovereinigung, sowie den Weltverband &hellip; <a href=\"https:\/\/espera01.bn-paf.de\/?page_id=32\">Weiterlesen <span class=\"meta-nav\">&rarr;<\/span><\/a><\/p>\n","protected":false},"author":1,"featured_media":0,"parent":11,"menu_order":0,"comment_status":"closed","ping_status":"open","template":"","meta":[],"_links":{"self":[{"href":"https:\/\/espera01.bn-paf.de\/index.php?rest_route=\/wp\/v2\/pages\/32"}],"collection":[{"href":"https:\/\/espera01.bn-paf.de\/index.php?rest_route=\/wp\/v2\/pages"}],"about":[{"href":"https:\/\/espera01.bn-paf.de\/index.php?rest_route=\/wp\/v2\/types\/page"}],"author":[{"embeddable":true,"href":"https:\/\/espera01.bn-paf.de\/index.php?rest_route=\/wp\/v2\/users\/1"}],"replies":[{"embeddable":true,"href":"https:\/\/espera01.bn-paf.de\/index.php?rest_route=%2Fwp%2Fv2%2Fcomments&post=32"}],"version-history":[{"count":9,"href":"https:\/\/espera01.bn-paf.de\/index.php?rest_route=\/wp\/v2\/pages\/32\/revisions"}],"predecessor-version":[{"id":294,"href":"https:\/\/espera01.bn-paf.de\/index.php?rest_route=\/wp\/v2\/pages\/32\/revisions\/294"}],"up":[{"embeddable":true,"href":"https:\/\/espera01.bn-paf.de\/index.php?rest_route=\/wp\/v2\/pages\/11"}],"wp:attachment":[{"href":"https:\/\/espera01.bn-paf.de\/index.php?rest_route=%2Fwp%2Fv2%2Fmedia&parent=32"}],"curies":[{"name":"wp","href":"https:\/\/api.w.org\/{rel}","templated":true}]}}