{"id":141,"date":"2015-08-02T22:25:55","date_gmt":"2015-08-02T20:25:55","guid":{"rendered":"http:\/\/neumai02.bn-paf.de\/esperanto\/?page_id=141"},"modified":"2016-02-14T10:13:24","modified_gmt":"2016-02-14T09:13:24","slug":"judith","status":"publish","type":"page","link":"https:\/\/espera01.bn-paf.de\/?page_id=141","title":{"rendered":"Judith"},"content":{"rendered":"<p><span style=\"color: #008000;\"><strong>Kleiner Bericht vom SES 2015<\/strong><\/span><\/p>\n<p>&nbsp;<\/p>\n<p>SES (Somera Esperanto Semajno) in der Stadt <strong>Martin in der Slowakei<\/strong>. Vom 11. bis 19 Juli 2015 sind Gustav und ich dort. Neun Tage lang jeden Vormittag Unterricht (ich auf Stufe B1 bei Peter Weide, Gustav auf Stufe C1 bei Bertilo) <a href=\"https:\/\/espera01.bn-paf.de\/wp-content\/uploads\/2015\/08\/IMG_3592.jpg\"><img loading=\"lazy\" class=\" wp-image-145 alignleft\" src=\"https:\/\/espera01.bn-paf.de\/wp-content\/uploads\/2015\/08\/IMG_3592-300x225.jpg\" alt=\"IMG_3592\" width=\"192\" height=\"144\" srcset=\"https:\/\/www.esperantopfaffenhofen.de\/wp-content\/uploads\/2015\/08\/IMG_3592-300x225.jpg 300w, https:\/\/www.esperantopfaffenhofen.de\/wp-content\/uploads\/2015\/08\/IMG_3592-1024x768.jpg 1024w, https:\/\/www.esperantopfaffenhofen.de\/wp-content\/uploads\/2015\/08\/IMG_3592-800x600.jpg 800w, https:\/\/www.esperantopfaffenhofen.de\/wp-content\/uploads\/2015\/08\/IMG_3592.jpg 2048w\" sizes=\"(max-width: 192px) 100vw, 192px\" \/><\/a>und nachmittags interessante Vorlesungen oder Ausfl\u00fcge und abends Konzert oder Theater. Alles in Esperanto. Mit uns sind etwa 200 andere Leute dort, der j\u00fcngste Teilnehmer ungef\u00e4hr 12, die \u00e4lteste fast 90 Jahre alt. (Manche haben auch ihre Kleinkinder dabei.) Sie kommen aus ungef\u00e4hr 25 L\u00e4ndern hierher und das ist die bunteste Mischung, die man sich vorstellen kann.<\/p>\n<p>Wir wohnen, wie die meisten, hier in einem typisch sozialistischen Plattenhochbau, der normalerweise als Internat f\u00fcr Medizinstudenten genutzt wird. Jeweils bis zu 10 Leute teilen sich ein Bad mit zwei Was<a href=\"https:\/\/espera01.bn-paf.de\/wp-content\/uploads\/2015\/08\/IMG_3576.jpg\"><img loading=\"lazy\" class=\" wp-image-143 alignright\" src=\"https:\/\/espera01.bn-paf.de\/wp-content\/uploads\/2015\/08\/IMG_3576-300x225.jpg\" alt=\"IMG_3576\" width=\"164\" height=\"123\" srcset=\"https:\/\/www.esperantopfaffenhofen.de\/wp-content\/uploads\/2015\/08\/IMG_3576-300x225.jpg 300w, https:\/\/www.esperantopfaffenhofen.de\/wp-content\/uploads\/2015\/08\/IMG_3576-1024x768.jpg 1024w, https:\/\/www.esperantopfaffenhofen.de\/wp-content\/uploads\/2015\/08\/IMG_3576-800x600.jpg 800w, https:\/\/www.esperantopfaffenhofen.de\/wp-content\/uploads\/2015\/08\/IMG_3576.jpg 2048w\" sizes=\"(max-width: 164px) 100vw, 164px\" \/><\/a>chbecken, einem WC und einer kleinen Dusche. Die Schule, in der der Unterricht stattfindet, ist in einem f\u00fcr deutsche Verh\u00e4ltnisse kaum tragbaren Zustand. Und das Essen in der Mensa ist \u2013 naja \u2013 nahrhaft.<\/p>\n<p>Kann man sich vorstellen, dass wir uns hier trotzdem wohlf\u00fchlen? Die Stimmung ist einfach sagenhaft! Im \u201ekoncertejo\u201c machen Leute Musik. Einfach so, nur f\u00fcr sich selbst, mit so einer kleinen Gitarre und Gesang. Keine Lieder \u2013 einfach so Musik. Im Gang davor wird Tischtennis gespielt. Irgendwo pfeift einer vor sich hin. Du wei\u00dft nie, wem du beim Essen gegen\u00fcber sitzen wirst, aber es gibt immer ein angeregtes Gespr\u00e4ch mit interessanten Leuten und Geschichten. Die meisten haben vegetarisches Essen bestellt. Die jungen Leute sitzen zusammen und spielen Tischspiele oder Rollenspiele. Einer, der flie\u00dfend spricht, unterh\u00e4lt sich geduldig mit einem Anf\u00e4nger, der stammelnd nach den richtigen W\u00f6rtern in seinem Ged\u00e4chtnis sucht. Alte Leute umarmen sich und strahlen aus Freude \u00fcber ein Wiedersehen.<\/p>\n<p>Irgendwie kriegt man das Gef\u00fchl: Es k\u00f6nnte alles so sch\u00f6n sein! Ich meine \u2013 auf der ganzen Welt. Das Zusammenleben. So hab ich das noch nie erlebt!<a href=\"https:\/\/espera01.bn-paf.de\/wp-content\/uploads\/2015\/08\/IMG_3578.jpg\"><img loading=\"lazy\" class=\" wp-image-144 alignright\" src=\"https:\/\/espera01.bn-paf.de\/wp-content\/uploads\/2015\/08\/IMG_3578-300x225.jpg\" alt=\"IMG_3578\" width=\"187\" height=\"140\" srcset=\"https:\/\/www.esperantopfaffenhofen.de\/wp-content\/uploads\/2015\/08\/IMG_3578-300x225.jpg 300w, https:\/\/www.esperantopfaffenhofen.de\/wp-content\/uploads\/2015\/08\/IMG_3578-1024x768.jpg 1024w, https:\/\/www.esperantopfaffenhofen.de\/wp-content\/uploads\/2015\/08\/IMG_3578-800x600.jpg 800w, https:\/\/www.esperantopfaffenhofen.de\/wp-content\/uploads\/2015\/08\/IMG_3578.jpg 2048w\" sizes=\"(max-width: 187px) 100vw, 187px\" \/><\/a><\/p>\n<p>Wenn es nur nicht gar so hei\u00df und schw\u00fcl w\u00e4re! Und das Esperanto-Sprechen nicht mehr gar so anstrengend! Letzteres wird jeden Tag leichter. Nat\u00fcrlich freue ich mich auch wieder auf zuhause, auf das eigene Bett, den Garten, Privatheit. Schade, dass es so weit ist bis hierher und ich so ungerne reise. Vielleicht komme ich sogar trotzdem mal wieder?<\/p>\n<p>&nbsp;<\/p>\n<p>Judith Neumair<\/p>\n","protected":false},"excerpt":{"rendered":"<p>Kleiner Bericht vom SES 2015 &nbsp; SES (Somera Esperanto Semajno) in der Stadt Martin in der Slowakei. Vom 11. bis 19 Juli 2015 sind Gustav und ich dort. Neun Tage lang jeden Vormittag Unterricht (ich auf Stufe B1 bei Peter &hellip; <a href=\"https:\/\/espera01.bn-paf.de\/?page_id=141\">Weiterlesen <span class=\"meta-nav\">&rarr;<\/span><\/a><\/p>\n","protected":false},"author":1,"featured_media":0,"parent":61,"menu_order":0,"comment_status":"closed","ping_status":"open","template":"","meta":[],"_links":{"self":[{"href":"https:\/\/espera01.bn-paf.de\/index.php?rest_route=\/wp\/v2\/pages\/141"}],"collection":[{"href":"https:\/\/espera01.bn-paf.de\/index.php?rest_route=\/wp\/v2\/pages"}],"about":[{"href":"https:\/\/espera01.bn-paf.de\/index.php?rest_route=\/wp\/v2\/types\/page"}],"author":[{"embeddable":true,"href":"https:\/\/espera01.bn-paf.de\/index.php?rest_route=\/wp\/v2\/users\/1"}],"replies":[{"embeddable":true,"href":"https:\/\/espera01.bn-paf.de\/index.php?rest_route=%2Fwp%2Fv2%2Fcomments&post=141"}],"version-history":[{"count":5,"href":"https:\/\/espera01.bn-paf.de\/index.php?rest_route=\/wp\/v2\/pages\/141\/revisions"}],"predecessor-version":[{"id":546,"href":"https:\/\/espera01.bn-paf.de\/index.php?rest_route=\/wp\/v2\/pages\/141\/revisions\/546"}],"up":[{"embeddable":true,"href":"https:\/\/espera01.bn-paf.de\/index.php?rest_route=\/wp\/v2\/pages\/61"}],"wp:attachment":[{"href":"https:\/\/espera01.bn-paf.de\/index.php?rest_route=%2Fwp%2Fv2%2Fmedia&parent=141"}],"curies":[{"name":"wp","href":"https:\/\/api.w.org\/{rel}","templated":true}]}}